{"id":2370,"date":"2025-06-14T10:41:14","date_gmt":"2025-06-14T10:41:14","guid":{"rendered":"http:\/\/archworks.agu.edu.tr\/?page_id=2370"},"modified":"2025-06-14T11:02:38","modified_gmt":"2025-06-14T11:02:38","slug":"fall24-arch201-architectural-design-i","status":"publish","type":"page","link":"http:\/\/archworks.agu.edu.tr\/index.php\/fall24-arch201-architectural-design-i\/","title":{"rendered":"Fall&#8217;24 ARCH201 Architectural Design I"},"content":{"rendered":"<div id=\"bgLayers_comp-liczqxjp\" class=\"MW5IWV\" data-hook=\"bgLayers\" data-motion-part=\"BG_LAYER comp-liczqxjp\">\n<h2 id=\"bgMedia_comp-liczqxjp\" class=\"VgO9Yg\" data-motion-part=\"BG_MEDIA comp-liczqxjp\">ARCH201 Architectural Design I Fall&#8217;25<\/h2>\n<\/div>\n<div class=\"\" data-mesh-id=\"comp-liczqxjpinlineContent\" data-testid=\"inline-content\">\n<div data-mesh-id=\"comp-liczqxjpinlineContent-gridContainer\" data-testid=\"mesh-container-content\">\n<div id=\"comp-lresmgel\" class=\"HcOXKn c9GqVL QxJLC3 lq2cno YQcXTT comp-lresmgel wixui-rich-text\" data-testid=\"richTextElement\">\n<h3><strong>ARCH201 Architectural Design I Fall\u201925<\/strong><\/h3>\n<p><strong>Instructors<\/strong><\/p>\n<p><span class=\"NormalTextRun SCXW47653844 BCX0\">Dr. \u00d6mer <\/span><span class=\"NormalTextRun SCXW47653844 BCX0\">Devrim<\/span> <span class=\"NormalTextRun SpellingErrorV2Themed SCXW47653844 BCX0\">Aksoyak<\/span>, <span class=\"NormalTextRun SCXW249311845 BCX0\">Dr. <\/span><span class=\"NormalTextRun SpellingErrorV2Themed SCXW249311845 BCX0\">Vacide<\/span> <span class=\"NormalTextRun SCXW249311845 BCX0\">Bet\u00fcl<\/span> <span class=\"NormalTextRun SCXW249311845 BCX0\">Kurtulu\u015f<\/span>, <span class=\"NormalTextRun SCXW263045287 BCX0\">Dr. <\/span><span class=\"NormalTextRun SCXW263045287 BCX0\">Tu\u011f\u00e7e<\/span> <span class=\"NormalTextRun SCXW263045287 BCX0\">B\u00fc\u015fra<\/span> <span class=\"NormalTextRun SpellingErrorV2Themed SCXW263045287 BCX0\">\u00c7ad\u0131<\/span><span class=\"NormalTextRun SpellingErrorV2Themed SCXW263045287 BCX0\">rc\u0131<\/span>, Res. Assist. Nuref\u015fan Batmaz, <span class=\"NormalTextRun SCXW121807360 BCX0\">Lec<\/span><span class=\"NormalTextRun SCXW121807360 BCX0\">. Aydan <\/span><span class=\"NormalTextRun SCXW121807360 BCX0\">\u015eahin<\/span><\/p>\n<p><strong>Design Topic:\u00a0<\/strong><\/p>\n<p><span data-contrast=\"auto\">Home, apart from being a physical structure, is a space where individual can be a part of the communal life, feel belonged and secure; it is a place that individuals satisfy their needs for caring and conserving; and finally, a reach point on the journey of self-discovering. Individuals take shelter in home; being protected from the physical conditions of the outer world and nurture their senses in psychological aspects. It is like a skeleton that upholds the human body, acting as the key element of an arch; it grounds individuals in a place, both physically and spiritually.<\/span><span data-ccp-props=\"{&quot;335551550&quot;:6,&quot;335551620&quot;:6,&quot;469777462&quot;:[468],&quot;469777927&quot;:[0],&quot;469777928&quot;:[1]}\">\u00a0<\/span><\/p>\n<p><span data-contrast=\"auto\">The aim of this studio is to try to understand our main living space &#8220;home&#8221; through different scales. In this context, three different works will be developed in the studio. First, in a two-week period, alternative solutions will be developed for different types of small size spaces. Then, a new approach is expected to an existing dwelling type in Kayseri. Finally, students are expected to develop a larger scale housing design consisting of different modules and plan solutions that will appeal to different users.<\/span><span data-ccp-props=\"{&quot;335551550&quot;:6,&quot;335551620&quot;:6,&quot;469777462&quot;:[468],&quot;469777927&quot;:[0],&quot;469777928&quot;:[1]}\">\u00a0<\/span><\/p>\n<ul>\n<li data-leveltext=\"\uf0b7\" data-font=\"Symbol\" data-listid=\"9\" data-list-defn-props=\"{&quot;335552541&quot;:1,&quot;335559685&quot;:720,&quot;335559991&quot;:360,&quot;469769226&quot;:&quot;Symbol&quot;,&quot;469769242&quot;:[8226],&quot;469777803&quot;:&quot;left&quot;,&quot;469777804&quot;:&quot;\uf0b7&quot;,&quot;469777815&quot;:&quot;hybridMultilevel&quot;}\" aria-setsize=\"-1\" data-aria-posinset=\"1\" data-aria-level=\"1\"><b><span data-contrast=\"auto\">Workshop: Minimum Space <\/span><\/b><span data-contrast=\"auto\">(Hypothetical project area)<\/span><span data-ccp-props=\"{&quot;335551550&quot;:6,&quot;335551620&quot;:6,&quot;335559685&quot;:370,&quot;469777462&quot;:[468],&quot;469777927&quot;:[0],&quot;469777928&quot;:[1]}\">\u00a0<\/span><\/li>\n<\/ul>\n<p><span data-contrast=\"none\">Students have previously experimented with designing spatial\u00a0\u00a0\u00a0\u00a0 elements (modules) that address the basic needs of users, such as kitchens, bedrooms, and bathrooms. In this exercise, students are expected to build on what they learned in the previous stage by exploring modifications and further development of those modules. The workshop requires creating a single, permanent space that includes areas for sleeping, cooking, living, and cleansing. The objective is to design the minimum necessary space for these functions. While there are no specific user or m\u00b2 limitations, please ensure that the design optimizes space while adhering to ergonomic standards.<\/span><span data-ccp-props=\"{&quot;335551550&quot;:6,&quot;335551620&quot;:6,&quot;335559685&quot;:360}\">\u00a0<\/span><\/p>\n<ul>\n<li data-leveltext=\"\uf0b7\" data-font=\"Symbol\" data-listid=\"9\" data-list-defn-props=\"{&quot;335552541&quot;:1,&quot;335559685&quot;:720,&quot;335559991&quot;:360,&quot;469769226&quot;:&quot;Symbol&quot;,&quot;469769242&quot;:[8226],&quot;469777803&quot;:&quot;left&quot;,&quot;469777804&quot;:&quot;\uf0b7&quot;,&quot;469777815&quot;:&quot;hybridMultilevel&quot;}\" aria-setsize=\"-1\" data-aria-posinset=\"2\" data-aria-level=\"1\"><b><span data-contrast=\"auto\">Design 2: New Generation Vineyard House <\/span><\/b><span data-contrast=\"auto\">(Talas)<\/span><span data-ccp-props=\"{&quot;335551550&quot;:6,&quot;335551620&quot;:6,&quot;335559685&quot;:370,&quot;469777462&quot;:[468],&quot;469777927&quot;:[0],&quot;469777928&quot;:[1]}\">\u00a0<\/span><\/li>\n<\/ul>\n<p><span data-contrast=\"auto\">In this design, a contemporary approach is expected to address the vineyard houses, which are secondary residences in Kayseri. In doing so, students should take into consideration the vineyard culture, viticulture activities and habits. While combining tradition and culture with contemporary practices, the existing fabric, new lifestyle understandings and cultural habits should be considered, functions and needs should be determined accordingly. Approximately. 150m2 on at least 2 stories height.\u00a0<\/span><span data-ccp-props=\"{&quot;335551550&quot;:6,&quot;335551620&quot;:6,&quot;335559685&quot;:369,&quot;335559738&quot;:240,&quot;335559739&quot;:120,&quot;469777462&quot;:[468],&quot;469777927&quot;:[0],&quot;469777928&quot;:[1]}\">\u00a0<\/span><\/p>\n<ul>\n<li data-leveltext=\"\uf0b7\" data-font=\"Symbol\" data-listid=\"9\" data-list-defn-props=\"{&quot;335552541&quot;:1,&quot;335559685&quot;:720,&quot;335559991&quot;:360,&quot;469769226&quot;:&quot;Symbol&quot;,&quot;469769242&quot;:[8226],&quot;469777803&quot;:&quot;left&quot;,&quot;469777804&quot;:&quot;\uf0b7&quot;,&quot;469777815&quot;:&quot;hybridMultilevel&quot;}\" aria-setsize=\"-1\" data-aria-posinset=\"3\" data-aria-level=\"1\"><b><span data-contrast=\"auto\">Design 3: Housing + <\/span><\/b><span data-contrast=\"auto\">(Fevzi \u00c7akmak)<\/span><span data-ccp-props=\"{&quot;335551550&quot;:6,&quot;335551620&quot;:6,&quot;335559685&quot;:370,&quot;469777462&quot;:[468],&quot;469777927&quot;:[0],&quot;469777928&quot;:[1]}\">\u00a0<\/span><\/li>\n<\/ul>\n<p><span data-contrast=\"auto\">Housing+ is a design that includes another main function along with housing. Students are expected to solve a housing design with at least 3 or 4 different plan solutions for different users. With its repeating units, this design will be handled within an existing housing texture. Within the grid system, row houses or adjacent order design solutions will be produced. The main concerns of this project are the relationship to be established with the existing texture and the diversity to be created with solutions for different users. Moreover, students are expected to develop specific solutions for each project for the + function. The design should also include a social space.<\/span><span data-ccp-props=\"{&quot;335551550&quot;:6,&quot;335551620&quot;:6,&quot;335559685&quot;:369,&quot;335559738&quot;:240,&quot;335559739&quot;:120,&quot;469777462&quot;:[468],&quot;469777927&quot;:[0],&quot;469777928&quot;:[1]}\">\u00a0<\/span><\/p>\n<p><span data-contrast=\"auto\">Each design proposal will have 1200-1500 m2 closed space (\u00b1%10) + service units and open, semi-open areas) should include:<\/span><span data-ccp-props=\"{&quot;335551550&quot;:6,&quot;335551620&quot;:6,&quot;335559685&quot;:369,&quot;335559738&quot;:240,&quot;335559739&quot;:120,&quot;469777462&quot;:[468],&quot;469777927&quot;:[0],&quot;469777928&quot;:[1]}\">\u00a0<\/span><\/p>\n<ul>\n<li data-leveltext=\"-\" data-font=\"Cambria\" data-listid=\"10\" data-list-defn-props=\"{&quot;335552541&quot;:1,&quot;335559685&quot;:1080,&quot;335559991&quot;:360,&quot;469769226&quot;:&quot;Cambria&quot;,&quot;469769242&quot;:[8226],&quot;469777803&quot;:&quot;left&quot;,&quot;469777804&quot;:&quot;-&quot;,&quot;469777815&quot;:&quot;hybridMultilevel&quot;}\" aria-setsize=\"-1\" data-aria-posinset=\"1\" data-aria-level=\"1\"><span data-contrast=\"auto\">Accommodation units (min 3 different scheme according to defined user groups)<\/span><span data-ccp-props=\"{&quot;335551550&quot;:6,&quot;335551620&quot;:6,&quot;335559685&quot;:370,&quot;469777462&quot;:[468],&quot;469777927&quot;:[0],&quot;469777928&quot;:[1]}\">\u00a0<\/span><\/li>\n<\/ul>\n<ul>\n<li data-leveltext=\"-\" data-font=\"Cambria\" data-listid=\"10\" data-list-defn-props=\"{&quot;335552541&quot;:1,&quot;335559685&quot;:1080,&quot;335559991&quot;:360,&quot;469769226&quot;:&quot;Cambria&quot;,&quot;469769242&quot;:[8226],&quot;469777803&quot;:&quot;left&quot;,&quot;469777804&quot;:&quot;-&quot;,&quot;469777815&quot;:&quot;hybridMultilevel&quot;}\" aria-setsize=\"-1\" data-aria-posinset=\"2\" data-aria-level=\"1\"><span data-contrast=\"auto\">Circulation (stairs, corridors, and elevators)<\/span><span data-ccp-props=\"{&quot;335551550&quot;:6,&quot;335551620&quot;:6,&quot;335559685&quot;:370,&quot;469777462&quot;:[468],&quot;469777927&quot;:[0],&quot;469777928&quot;:[1]}\">\u00a0<\/span><\/li>\n<\/ul>\n<ul>\n<li data-leveltext=\"-\" data-font=\"Cambria\" data-listid=\"10\" data-list-defn-props=\"{&quot;335552541&quot;:1,&quot;335559685&quot;:1080,&quot;335559991&quot;:360,&quot;469769226&quot;:&quot;Cambria&quot;,&quot;469769242&quot;:[8226],&quot;469777803&quot;:&quot;left&quot;,&quot;469777804&quot;:&quot;-&quot;,&quot;469777815&quot;:&quot;hybridMultilevel&quot;}\" aria-setsize=\"-1\" data-aria-posinset=\"3\" data-aria-level=\"1\"><span data-contrast=\"auto\">Service units<\/span><span data-ccp-props=\"{&quot;335551550&quot;:6,&quot;335551620&quot;:6,&quot;335559685&quot;:370,&quot;469777462&quot;:[468],&quot;469777927&quot;:[0],&quot;469777928&quot;:[1]}\">\u00a0<\/span><\/li>\n<\/ul>\n<ul>\n<li data-leveltext=\"-\" data-font=\"Cambria\" data-listid=\"10\" data-list-defn-props=\"{&quot;335552541&quot;:1,&quot;335559685&quot;:1080,&quot;335559991&quot;:360,&quot;469769226&quot;:&quot;Cambria&quot;,&quot;469769242&quot;:[8226],&quot;469777803&quot;:&quot;left&quot;,&quot;469777804&quot;:&quot;-&quot;,&quot;469777815&quot;:&quot;hybridMultilevel&quot;}\" aria-setsize=\"-1\" data-aria-posinset=\"4\" data-aria-level=\"1\"><span data-contrast=\"auto\">Common spaces<\/span><span data-ccp-props=\"{&quot;335551550&quot;:6,&quot;335551620&quot;:6,&quot;335559685&quot;:370,&quot;469777462&quot;:[468],&quot;469777927&quot;:[0],&quot;469777928&quot;:[1]}\">\u00a0<\/span><\/li>\n<\/ul>\n<p><span data-ccp-props=\"{&quot;335551550&quot;:6,&quot;335551620&quot;:6,&quot;469777462&quot;:[468],&quot;469777927&quot;:[0],&quot;469777928&quot;:[1]}\">\u00a0<\/span><\/p>\n<p><b><i><span data-contrast=\"auto\">Keywords:<\/span><\/i><\/b><i><span data-contrast=\"auto\"> Minimum space, Mobility, Sense of belonging, Homemaking, Daily life, <\/span><\/i> <i><span data-contrast=\"auto\">Experiential space<\/span><\/i><span data-ccp-props=\"{&quot;335551550&quot;:6,&quot;335551620&quot;:6,&quot;469777462&quot;:[90],&quot;469777927&quot;:[0],&quot;469777928&quot;:[1]}\">\u00a0<\/span><\/p>\n<p>&nbsp;<\/p>\n<\/div>\n<\/div>\n<\/div>\n<h3 class=\"font_6 wixui-rich-text__text\"><a href=\"https:\/\/archworks.agu.edu.tr\/index.php\/category\/f24\/f24-arch201\/\"><span class=\"color_19 wixui-rich-text__text\"><span class=\"wixui-rich-text__text\">Click to View Student Projects<\/span><\/span><\/a><\/h3>\n<div class=\"\" data-mesh-id=\"comp-liczqxjpinlineContent\" data-testid=\"inline-content\">\n<div data-mesh-id=\"comp-liczqxjpinlineContent-gridContainer\" data-testid=\"mesh-container-content\">\n<p>&nbsp;<\/p>\n<\/div>\n<\/div>\n","protected":false},"excerpt":{"rendered":"<p>ARCH201 Architectural Design I Fall&#8217;25 ARCH201 Architectural Design I Fall\u201925 Instructors Dr. \u00d6mer Devrim Aksoyak, Dr. Vacide Bet\u00fcl Kurtulu\u015f, Dr. Tu\u011f\u00e7e B\u00fc\u015fra \u00c7ad\u0131rc\u0131, Res. Assist. Nuref\u015fan Batmaz, Lec. Aydan \u015eahin Design Topic:\u00a0 Home, apart from being a physical structure, is a space where individual can be a part of the communal life, feel belonged and [&hellip;]<\/p>\n","protected":false},"author":1,"featured_media":0,"parent":0,"menu_order":0,"comment_status":"closed","ping_status":"closed","template":"","meta":{"footnotes":""},"class_list":["post-2370","page","type-page","status-publish","hentry"],"_links":{"self":[{"href":"http:\/\/archworks.agu.edu.tr\/index.php\/wp-json\/wp\/v2\/pages\/2370","targetHints":{"allow":["GET"]}}],"collection":[{"href":"http:\/\/archworks.agu.edu.tr\/index.php\/wp-json\/wp\/v2\/pages"}],"about":[{"href":"http:\/\/archworks.agu.edu.tr\/index.php\/wp-json\/wp\/v2\/types\/page"}],"author":[{"embeddable":true,"href":"http:\/\/archworks.agu.edu.tr\/index.php\/wp-json\/wp\/v2\/users\/1"}],"replies":[{"embeddable":true,"href":"http:\/\/archworks.agu.edu.tr\/index.php\/wp-json\/wp\/v2\/comments?post=2370"}],"version-history":[{"count":3,"href":"http:\/\/archworks.agu.edu.tr\/index.php\/wp-json\/wp\/v2\/pages\/2370\/revisions"}],"predecessor-version":[{"id":2386,"href":"http:\/\/archworks.agu.edu.tr\/index.php\/wp-json\/wp\/v2\/pages\/2370\/revisions\/2386"}],"wp:attachment":[{"href":"http:\/\/archworks.agu.edu.tr\/index.php\/wp-json\/wp\/v2\/media?parent=2370"}],"curies":[{"name":"wp","href":"https:\/\/api.w.org\/{rel}","templated":true}]}}