{"id":2506,"date":"2025-06-14T18:23:27","date_gmt":"2025-06-14T18:23:27","guid":{"rendered":"http:\/\/archworks.agu.edu.tr\/?page_id=2506"},"modified":"2025-06-21T08:08:23","modified_gmt":"2025-06-21T08:08:23","slug":"spring25-arch302-architectural-design-iv","status":"publish","type":"page","link":"http:\/\/archworks.agu.edu.tr\/index.php\/spring25-arch302-architectural-design-iv\/","title":{"rendered":"Spring25&#8242; ARCH302 Architectural Design IV"},"content":{"rendered":"<h2>Spring25&#8242; ARCH302 Architectural Design IV<\/h2>\n<h3 class=\"font_6 wixui-rich-text__text\"><span class=\"color_19 wixui-rich-text__text\"><span class=\"wixui-rich-text__text\">Instructors:<\/span><\/span><\/h3>\n<p><span class=\"TextRun SCXW120798617 BCX0\" lang=\"EN-US\" xml:lang=\"EN-US\" data-contrast=\"auto\"><span class=\"NormalTextRun SCXW120798617 BCX0\">Assist. Prof. <\/span><span class=\"NormalTextRun SCXW120798617 BCX0\">\u00d6mer<\/span> <span class=\"NormalTextRun SCXW120798617 BCX0\">Devrim<\/span> <span class=\"NormalTextRun SpellingErrorV2Themed SCXW120798617 BCX0\">Aksoyak<\/span><\/span><span class=\"EOP SCXW120798617 BCX0\" data-ccp-props=\"{&quot;335551550&quot;:6,&quot;335551620&quot;:6}\"> ,<span class=\"TextRun SCXW188035244 BCX0\" lang=\"EN-US\" xml:lang=\"EN-US\" data-contrast=\"auto\"><span class=\"NormalTextRun SCXW188035244 BCX0\">Lec<\/span><span class=\"NormalTextRun SCXW188035244 BCX0\">.<\/span> <span class=\"NormalTextRun SCXW188035244 BCX0\">Aydan <\/span><span class=\"NormalTextRun SCXW188035244 BCX0\">\u015eahin<\/span><\/span><span class=\"EOP SCXW188035244 BCX0\" data-ccp-props=\"{&quot;335551550&quot;:6,&quot;335551620&quot;:6}\"> ,<span class=\"TextRun SCXW171527341 BCX0\" lang=\"EN-US\" xml:lang=\"EN-US\" data-contrast=\"auto\"><span class=\"NormalTextRun SCXW171527341 BCX0\">Lec<\/span><span class=\"NormalTextRun SCXW171527341 BCX0\">. <\/span><span class=\"NormalTextRun SCXW171527341 BCX0\">Co\u015fkun<\/span> <span class=\"NormalTextRun SCXW171527341 BCX0\">\u00c7a\u011flar<\/span> <span class=\"NormalTextRun SCXW171527341 BCX0\">Arma\u011fan<\/span><\/span><span class=\"EOP SCXW171527341 BCX0\" data-ccp-props=\"{&quot;335551550&quot;:6,&quot;335551620&quot;:6}\"> ,<span class=\"TextRun SCXW176125816 BCX0\" lang=\"EN-US\" xml:lang=\"EN-US\" data-contrast=\"auto\"><span class=\"NormalTextRun SCXW176125816 BCX0\">Res. Assist. <\/span><span class=\"NormalTextRun SCXW176125816 BCX0\">Muharrem<\/span> <span class=\"NormalTextRun SCXW176125816 BCX0\">Melih<\/span> <span class=\"NormalTextRun SpellingErrorV2Themed SCXW176125816 BCX0\">Utkan<\/span><\/span><span class=\"EOP SCXW176125816 BCX0\" data-ccp-props=\"{&quot;335551550&quot;:6,&quot;335551620&quot;:6}\"> ,<span class=\"TextRun SCXW108960015 BCX0\" lang=\"EN-US\" xml:lang=\"EN-US\" data-contrast=\"auto\"><span class=\"NormalTextRun SCXW108960015 BCX0\">Res. Assist. <\/span><span class=\"NormalTextRun SCXW108960015 BCX0\">Asl\u0131han<\/span> <span class=\"NormalTextRun SCXW108960015 BCX0\">At\u0131lgan<\/span><\/span><span class=\"EOP SCXW108960015 BCX0\" data-ccp-props=\"{&quot;335551550&quot;:6,&quot;335551620&quot;:6}\">\u00a0<\/span><\/span><\/span><\/span><\/span><\/p>\n<p><strong><span data-contrast=\"none\">Design Topic: \u201c<b>MUSEUM(+)\u201d<\/b><\/span><\/strong><\/p>\n<p><span data-contrast=\"auto\">Design Topic of \u201c<\/span>MUSEUM(+)\u201d<span data-contrast=\"auto\"> aims to propose a design solution in city center of Kahramanmara\u015f, to increase the interaction between built-environment, socio-cultural spaces, city halls, historical places, etc., with society. To develop a design solution for a main urban hub for Kahramanmara\u015f as a connection, reflection and interaction space, students are expected to develop a design solution to transform old center of Kahramanmara\u015f into a main interaction hub of the city. Design aims are re-defining the site as an urban hub, transforming the milieu to an interactive social meeting point, re-creating an alternative interface of the city to link the citizens and visitors, highlight the urban memory and social identity of Kahramanmara\u015f with different future visions, re-discovering the potentialities of the milieu as a \u201cplace\u201d, creating social and spatial connections between all spaces around (includes open and semi-open spaces too), re-thinking on the hub, and develop new alternatives in a contemporary context, re-thinking the transformation of the lost (abandoned) landscape and current landscape of the milieu into integrated green sustainable space, designing environment-friendly artifacts. This studio has design parameter rule,<\/span><span data-contrast=\"auto\">the architectural design would be in a newly designed neighborhood area (\u00dcng\u00fct Mahallesi) and the total closed areas cannot be more than 5000 m2 and less than 1000 m2. <\/span><span data-ccp-props=\"{&quot;335551550&quot;:6,&quot;335551620&quot;:6,&quot;335559685&quot;:363,&quot;469777462&quot;:[468],&quot;469777927&quot;:[0],&quot;469777928&quot;:[1]}\">\u00a0<\/span><\/p>\n<p>&nbsp;<\/p>\n<p><a href=\"https:\/\/archworks.agu.edu.tr\/index.php\/category\/s25\/s25-arch302\/\">Click to View Student Project<\/a><\/p>\n","protected":false},"excerpt":{"rendered":"<p>Spring25&#8242; ARCH302 Architectural Design IV Instructors: Assist. Prof. \u00d6mer Devrim Aksoyak ,Lec. Aydan \u015eahin ,Lec. Co\u015fkun \u00c7a\u011flar Arma\u011fan ,Res. Assist. Muharrem Melih Utkan ,Res. Assist. Asl\u0131han At\u0131lgan\u00a0 Design Topic: \u201cMUSEUM(+)\u201d Design Topic of \u201cMUSEUM(+)\u201d aims to propose a design solution in city center of Kahramanmara\u015f, to increase the interaction between built-environment, socio-cultural spaces, city halls, [&hellip;]<\/p>\n","protected":false},"author":1,"featured_media":0,"parent":0,"menu_order":0,"comment_status":"closed","ping_status":"closed","template":"","meta":{"footnotes":""},"class_list":["post-2506","page","type-page","status-publish","hentry"],"_links":{"self":[{"href":"http:\/\/archworks.agu.edu.tr\/index.php\/wp-json\/wp\/v2\/pages\/2506","targetHints":{"allow":["GET"]}}],"collection":[{"href":"http:\/\/archworks.agu.edu.tr\/index.php\/wp-json\/wp\/v2\/pages"}],"about":[{"href":"http:\/\/archworks.agu.edu.tr\/index.php\/wp-json\/wp\/v2\/types\/page"}],"author":[{"embeddable":true,"href":"http:\/\/archworks.agu.edu.tr\/index.php\/wp-json\/wp\/v2\/users\/1"}],"replies":[{"embeddable":true,"href":"http:\/\/archworks.agu.edu.tr\/index.php\/wp-json\/wp\/v2\/comments?post=2506"}],"version-history":[{"count":10,"href":"http:\/\/archworks.agu.edu.tr\/index.php\/wp-json\/wp\/v2\/pages\/2506\/revisions"}],"predecessor-version":[{"id":3975,"href":"http:\/\/archworks.agu.edu.tr\/index.php\/wp-json\/wp\/v2\/pages\/2506\/revisions\/3975"}],"wp:attachment":[{"href":"http:\/\/archworks.agu.edu.tr\/index.php\/wp-json\/wp\/v2\/media?parent=2506"}],"curies":[{"name":"wp","href":"https:\/\/api.w.org\/{rel}","templated":true}]}}