{"id":3201,"date":"2025-06-17T17:55:20","date_gmt":"2025-06-17T17:55:20","guid":{"rendered":"http:\/\/archworks.agu.edu.tr\/?page_id=3201"},"modified":"2025-06-19T05:34:42","modified_gmt":"2025-06-19T05:34:42","slug":"spring25-arch102-architectural-design","status":"publish","type":"page","link":"http:\/\/archworks.agu.edu.tr\/index.php\/spring25-arch102-architectural-design\/","title":{"rendered":"Spring25&#8242; ARCH102 Introduction to Architecture II"},"content":{"rendered":"<h2>Spring25&#8242; ARCH102 Introduction to Architecture II<\/h2>\n<p><strong>Instructors<\/strong><\/p>\n<p>Bet\u00fcl Kurtulu\u015f, \u00d6zlem Kevsero\u011flu Kurban, Tu\u011f\u00e7e B\u00fc\u015fra Su \u00c7ad\u0131r\u00e7\u0131, \u00d6mer Faruk Alp, Ahmet Aslan, G\u00fcls\u00fcm Oygur Polat<\/p>\n<p><strong><span data-contrast=\"none\">Design Topic:<\/span><\/strong><\/p>\n<p>Identifying basic architectural principles in the design of small buildings, interior space, and<br \/>\nsites.<br \/>\nExplaining the fundamentals of visual perception and the principles and systems of order<br \/>\nthat inform two- and three-dimensional design, architectural composition.<br \/>\nDescribing appropriate representational media, including hand drawings and computer<br \/>\ntechnologies, to illustrate essential formal elements at each stage of the design.<br \/>\nExamining the relationship between human body dimensions and architectural spaces<br \/>\nand elements<\/p>\n<p>In continuity with the outcomes of the previous studio, this studio is dedicated to<br \/>\ndeveloping students\u2019 skills of experiential learning by interacting them with the<br \/>\narchitectural space in various contexts. The students will encounter simple problems of<br \/>\narchitectural design along with a couple of themes introduced. By having several projects<br \/>\nand some workshops, the students will have the chance to challenge spatial issues and gain<br \/>\nnecessary skills and intellectual background to build up their own way<\/p>\n<h3 class=\"font_6 wixui-rich-text__text\"><a href=\"https:\/\/archworks.agu.edu.tr\/index.php\/category\/s25\/s25-arch102\/\"><span class=\"color_19 wixui-rich-text__text\"><span class=\"wixui-rich-text__text\">Click to View Student Projects<\/span><\/span><\/a><\/h3>\n","protected":false},"excerpt":{"rendered":"<p>Spring25&#8242; ARCH102 Introduction to Architecture II Instructors Bet\u00fcl Kurtulu\u015f, \u00d6zlem Kevsero\u011flu Kurban, Tu\u011f\u00e7e B\u00fc\u015fra Su \u00c7ad\u0131r\u00e7\u0131, \u00d6mer Faruk Alp, Ahmet Aslan, G\u00fcls\u00fcm Oygur Polat Design Topic: Identifying basic architectural principles in the design of small buildings, interior space, and sites. Explaining the fundamentals of visual perception and the principles and systems of order that inform [&hellip;]<\/p>\n","protected":false},"author":1,"featured_media":0,"parent":0,"menu_order":0,"comment_status":"closed","ping_status":"closed","template":"","meta":{"footnotes":""},"class_list":["post-3201","page","type-page","status-publish","hentry"],"_links":{"self":[{"href":"http:\/\/archworks.agu.edu.tr\/index.php\/wp-json\/wp\/v2\/pages\/3201","targetHints":{"allow":["GET"]}}],"collection":[{"href":"http:\/\/archworks.agu.edu.tr\/index.php\/wp-json\/wp\/v2\/pages"}],"about":[{"href":"http:\/\/archworks.agu.edu.tr\/index.php\/wp-json\/wp\/v2\/types\/page"}],"author":[{"embeddable":true,"href":"http:\/\/archworks.agu.edu.tr\/index.php\/wp-json\/wp\/v2\/users\/1"}],"replies":[{"embeddable":true,"href":"http:\/\/archworks.agu.edu.tr\/index.php\/wp-json\/wp\/v2\/comments?post=3201"}],"version-history":[{"count":11,"href":"http:\/\/archworks.agu.edu.tr\/index.php\/wp-json\/wp\/v2\/pages\/3201\/revisions"}],"predecessor-version":[{"id":3705,"href":"http:\/\/archworks.agu.edu.tr\/index.php\/wp-json\/wp\/v2\/pages\/3201\/revisions\/3705"}],"wp:attachment":[{"href":"http:\/\/archworks.agu.edu.tr\/index.php\/wp-json\/wp\/v2\/media?parent=3201"}],"curies":[{"name":"wp","href":"https:\/\/api.w.org\/{rel}","templated":true}]}}