{"id":377,"date":"2025-05-28T11:03:58","date_gmt":"2025-05-28T11:03:58","guid":{"rendered":"http:\/\/archworks.agu.edu.tr\/?page_id=377"},"modified":"2025-05-28T11:08:14","modified_gmt":"2025-05-28T11:08:14","slug":"fall24-arch3o1-architectural-design-iii","status":"publish","type":"page","link":"http:\/\/archworks.agu.edu.tr\/index.php\/fall24-arch3o1-architectural-design-iii\/","title":{"rendered":"Fall&#8217;24 ARCH3O1 Architectural Design III"},"content":{"rendered":"<div class=\"\" data-mesh-id=\"comp-liczqxjpinlineContent\" data-testid=\"inline-content\">\n<div data-mesh-id=\"comp-liczqxjpinlineContent-gridContainer\" data-testid=\"mesh-container-content\">\n<div id=\"comp-lresmgel\" class=\"HcOXKn c9GqVL QxJLC3 lq2cno YQcXTT comp-lresmgel wixui-rich-text\" data-testid=\"richTextElement\">\n<p><strong>Instructors<\/strong><\/p>\n<p>Dr. Ay\u015feg\u00fcl K\u0131d\u0131k, Lect. Nihan Mu\u015f \u00d6zmen, Dr. \u00d6mer Faruk Alp, Res. Assist. G\u00fcls\u00fcm Polat<\/p>\n<p><strong>Design Topic: <\/strong><strong>INDIGENOUS GROUNDSCRAPERS ALONG THE REVITALIZED HYDROGEOGRAPHY OF SINASOS<\/strong><\/p>\n<p>Tracing Mara\u015fo\u011flu Bridge Back for Designing Short-term Dwelling(s) that Support Experiential and Experimental Spaces for Eco-Tourism<\/p>\n<p>BRIEF:<\/p>\n<p><em>\u201c&#8230; When we think\u2026 about the relation of man and space, a light falls on the nature of the <\/em>\u00a0\u00a0\u00a0 <em>things that are locations and that we call buildings. The bridge is a thing of this sort. The <\/em>\u00a0 <em>location allows the simple onefold of earth and sky, of divinities and mortals, to enter into a <\/em> <em>site by arranging the site into spaces\u2026 The location admits the fourfold and it installs the <\/em>\u00a0 <em>fourfold\u2026 The location is a shelter for the fourfold or, by the same token, a house. The <\/em>\u00a0\u00a0\u00a0\u00a0\u00a0\u00a0 <em>making of such things is building\u2026 Building puts up locations that make space and a site <\/em>\u00a0\u00a0\u00a0\u00a0 <em>from the simple oneness of earth and sky, divinities and mortals belong together\u2026 To <\/em>\u00a0\u00a0\u00a0\u00a0\u00a0\u00a0\u00a0\u00a0 <em>preserve the fourfold, to save the earth, to receive the sky, to await the divinities, to escort <\/em>\u00a0\u00a0 <em>mortals\u2014this fourfold preserving is the simple nature, the presencing, of dwelling\u2026 Genuine <\/em>\u00a0\u00a0\u00a0\u00a0\u00a0\u00a0\u00a0\u00a0\u00a0\u00a0\u00a0\u00a0 <em>buildings give form to dwelling in its presencing and house this presence&#8230;\u201d (<\/em>Heidegger, \u00a0\u00a0\u00a0\u00a0\u00a0\u00a0 1971, pp. 158-159)<\/p>\n<p>This semester in ARCH301 studio, we are experimenting on alternative forms of habitation as one way of envisioning a new spatial experience between the urban core and the periphery. The term \u2018habitation\u2019 refers to a broad concept that encapsulates any type of spatial occupation, whether temporary or permanent, under the names and formats of \u2018living\u2019, \u2018staying\u2019, \u2018residing\u2019, etc. Our focus is on experiential aspects of habitation. And the term \u2018dwelling\u2019, in this sense, emphasizes the personal and emotional connections to the inhabited space, deeply intertwined with its physical, historical, and cultural characteristics on multiple scales. The studio will exploit the Cappadocia region in Turkey, and specifically Mustafapa\u015fa Village (Sinasos), as a fertile ground for this experimentation.<\/p>\n<p>&nbsp;<\/p>\n<\/div>\n<\/div>\n<\/div>\n<h2 class=\"font_6 wixui-rich-text__text\"><a href=\"https:\/\/archworks.agu.edu.tr\/index.php\/category\/f24\/f24-arch301\/\"><span class=\"color_19 wixui-rich-text__text\"><span class=\"wixui-rich-text__text\">Click to View Student Projects<\/span><\/span><\/a><\/h2>\n<div class=\"\" data-mesh-id=\"comp-liczqxjpinlineContent\" data-testid=\"inline-content\">\n<div data-mesh-id=\"comp-liczqxjpinlineContent-gridContainer\" data-testid=\"mesh-container-content\">\n<p>&nbsp;<\/p>\n<\/div>\n<\/div>\n","protected":false},"excerpt":{"rendered":"<p>Instructors Dr. Ay\u015feg\u00fcl K\u0131d\u0131k, Lect. Nihan Mu\u015f \u00d6zmen, Dr. \u00d6mer Faruk Alp, Res. Assist. G\u00fcls\u00fcm Polat Design Topic: INDIGENOUS GROUNDSCRAPERS ALONG THE REVITALIZED HYDROGEOGRAPHY OF SINASOS Tracing Mara\u015fo\u011flu Bridge Back for Designing Short-term Dwelling(s) that Support Experiential and Experimental Spaces for Eco-Tourism BRIEF: \u201c&#8230; When we think\u2026 about the relation of man and space, a [&hellip;]<\/p>\n","protected":false},"author":1,"featured_media":0,"parent":0,"menu_order":0,"comment_status":"closed","ping_status":"closed","template":"","meta":{"footnotes":""},"class_list":["post-377","page","type-page","status-publish","hentry"],"_links":{"self":[{"href":"http:\/\/archworks.agu.edu.tr\/index.php\/wp-json\/wp\/v2\/pages\/377","targetHints":{"allow":["GET"]}}],"collection":[{"href":"http:\/\/archworks.agu.edu.tr\/index.php\/wp-json\/wp\/v2\/pages"}],"about":[{"href":"http:\/\/archworks.agu.edu.tr\/index.php\/wp-json\/wp\/v2\/types\/page"}],"author":[{"embeddable":true,"href":"http:\/\/archworks.agu.edu.tr\/index.php\/wp-json\/wp\/v2\/users\/1"}],"replies":[{"embeddable":true,"href":"http:\/\/archworks.agu.edu.tr\/index.php\/wp-json\/wp\/v2\/comments?post=377"}],"version-history":[{"count":3,"href":"http:\/\/archworks.agu.edu.tr\/index.php\/wp-json\/wp\/v2\/pages\/377\/revisions"}],"predecessor-version":[{"id":383,"href":"http:\/\/archworks.agu.edu.tr\/index.php\/wp-json\/wp\/v2\/pages\/377\/revisions\/383"}],"wp:attachment":[{"href":"http:\/\/archworks.agu.edu.tr\/index.php\/wp-json\/wp\/v2\/media?parent=377"}],"curies":[{"name":"wp","href":"https:\/\/api.w.org\/{rel}","templated":true}]}}