{"id":5279,"date":"2025-07-30T08:00:29","date_gmt":"2025-07-30T08:00:29","guid":{"rendered":"http:\/\/archworks.agu.edu.tr\/?page_id=5279"},"modified":"2025-07-30T08:05:16","modified_gmt":"2025-07-30T08:05:16","slug":"spring25-arch501-master-studio-i","status":"publish","type":"page","link":"http:\/\/archworks.agu.edu.tr\/index.php\/spring25-arch501-master-studio-i\/","title":{"rendered":"Fall24&#8242; ARCH501 Master Studio I"},"content":{"rendered":"<div id=\"bgLayers_comp-liczqxjp\" class=\"MW5IWV\" data-hook=\"bgLayers\" data-motion-part=\"BG_LAYER comp-liczqxjp\">\n<h2 id=\"bgMedia_comp-liczqxjp\" class=\"VgO9Yg\" data-motion-part=\"BG_MEDIA comp-liczqxjp\">ARCH501 Master Studio I<\/h2>\n<\/div>\n<div class=\"\" data-mesh-id=\"comp-liczqxjpinlineContent\" data-testid=\"inline-content\">\n<div data-mesh-id=\"comp-liczqxjpinlineContent-gridContainer\" data-testid=\"mesh-container-content\">\n<div id=\"comp-lresmgel\" class=\"HcOXKn c9GqVL QxJLC3 lq2cno YQcXTT comp-lresmgel wixui-rich-text\" data-testid=\"richTextElement\">\n<h3 class=\"font_6 wixui-rich-text__text\"><span class=\"color_19 wixui-rich-text__text\"><span class=\"wixui-rich-text__text\">Instructors<\/span><\/span><\/h3>\n<p>Assist. Prof. Buket MET\u0130N, Assoc. Prof. \u00d6zlem KEVSERO\u011eLU KURBAN<\/p>\n<h4 class=\"font_8 wixui-rich-text__text\">Course Description<\/h4>\n<p class=\"p1\">Studio 1 intends to observe and examine the social and spatial layers of an urban form and develops architectural research based on it. The studio deals with the urban form and seeks to reconsider their spatial and social organizations, living attitudes, culture, and localconstruction practices in their former and current context to develop architectural research. The studio focuses on (re)production of the space and architectural artifact to explore its contradictions in daily life in an inter-\/transdisciplinary context. It also emphasizes on identity, the role of society\/culture, interactions of place, and sustainability for understanding the life and social\/cross-cultural interactions over the use of the space. The studio develops alternative ways of examining, criticizing, and interpreting the architectures.<\/p>\n<p>&nbsp;<\/p>\n<p><strong><span data-contrast=\"none\">Design Topic<\/span><\/strong><\/p>\n<p class=\"p1\">Studio 1 aims to conduct architectural design research in the Erkilet district of Kayseri, including its close neighborhood along Erkilet Boulevard. Initially, students are required to develop a systematic analysis and representation of the spatial and social patterns, living practices, cultural elements, and local construction techniques within the context of the area&#8217;s historical and administrative frameworks. The research outcomes are expected to uncover the district&#8217;s past and present living patterns and morphological characteristics, providing a foundation for future projections. Subsequently, students will propose alternative design scenarios focusing on technological advancements, green transformation practices, green consensus processes, and sustainable development goals.<\/p>\n<p>&nbsp;<\/p>\n<p data-ccp-border-bottom=\"0px none #000000\" data-ccp-padding-bottom=\"0px\" data-ccp-border-between=\"0px none #000000\" data-ccp-padding-between=\"0px\"><a href=\"https:\/\/archworks.agu.edu.tr\/index.php\/category\/f24\/f24-arch501\/\">Click to View Student Project<\/a><\/p>\n<\/div>\n<\/div>\n<\/div>\n","protected":false},"excerpt":{"rendered":"<p>ARCH501 Master Studio I Instructors Assist. Prof. Buket MET\u0130N, Assoc. Prof. \u00d6zlem KEVSERO\u011eLU KURBAN Course Description Studio 1 intends to observe and examine the social and spatial layers of an urban form and develops architectural research based on it. The studio deals with the urban form and seeks to reconsider their spatial and social organizations, [&hellip;]<\/p>\n","protected":false},"author":1,"featured_media":0,"parent":0,"menu_order":0,"comment_status":"closed","ping_status":"closed","template":"","meta":{"footnotes":""},"class_list":["post-5279","page","type-page","status-publish","hentry"],"_links":{"self":[{"href":"http:\/\/archworks.agu.edu.tr\/index.php\/wp-json\/wp\/v2\/pages\/5279","targetHints":{"allow":["GET"]}}],"collection":[{"href":"http:\/\/archworks.agu.edu.tr\/index.php\/wp-json\/wp\/v2\/pages"}],"about":[{"href":"http:\/\/archworks.agu.edu.tr\/index.php\/wp-json\/wp\/v2\/types\/page"}],"author":[{"embeddable":true,"href":"http:\/\/archworks.agu.edu.tr\/index.php\/wp-json\/wp\/v2\/users\/1"}],"replies":[{"embeddable":true,"href":"http:\/\/archworks.agu.edu.tr\/index.php\/wp-json\/wp\/v2\/comments?post=5279"}],"version-history":[{"count":4,"href":"http:\/\/archworks.agu.edu.tr\/index.php\/wp-json\/wp\/v2\/pages\/5279\/revisions"}],"predecessor-version":[{"id":5285,"href":"http:\/\/archworks.agu.edu.tr\/index.php\/wp-json\/wp\/v2\/pages\/5279\/revisions\/5285"}],"wp:attachment":[{"href":"http:\/\/archworks.agu.edu.tr\/index.php\/wp-json\/wp\/v2\/media?parent=5279"}],"curies":[{"name":"wp","href":"https:\/\/api.w.org\/{rel}","templated":true}]}}