{"id":5281,"date":"2025-07-30T08:03:20","date_gmt":"2025-07-30T08:03:20","guid":{"rendered":"http:\/\/archworks.agu.edu.tr\/?page_id=5281"},"modified":"2025-07-31T09:17:31","modified_gmt":"2025-07-31T09:17:31","slug":"spring25-arch502-master-studio-ii","status":"publish","type":"page","link":"http:\/\/archworks.agu.edu.tr\/index.php\/spring25-arch502-master-studio-ii\/","title":{"rendered":"Spring25&#8242; ARCH502 Master Studio II"},"content":{"rendered":"<div id=\"bgLayers_comp-liczqxjp\" class=\"MW5IWV\" data-hook=\"bgLayers\" data-motion-part=\"BG_LAYER comp-liczqxjp\">\n<h2 id=\"bgMedia_comp-liczqxjp\" class=\"VgO9Yg\" data-motion-part=\"BG_MEDIA comp-liczqxjp\">ARCH502 Master Studio II<\/h2>\n<\/div>\n<div class=\"\" data-mesh-id=\"comp-liczqxjpinlineContent\" data-testid=\"inline-content\">\n<div data-mesh-id=\"comp-liczqxjpinlineContent-gridContainer\" data-testid=\"mesh-container-content\">\n<div id=\"comp-lresmgel\" class=\"HcOXKn c9GqVL QxJLC3 lq2cno YQcXTT comp-lresmgel wixui-rich-text\" data-testid=\"richTextElement\">\n<h3 class=\"font_6 wixui-rich-text__text\"><span class=\"color_19 wixui-rich-text__text\"><span class=\"wixui-rich-text__text\">Instructors<\/span><\/span><\/h3>\n<p>Assist. Prof. Buket MET\u0130N, Assoc. Prof. \u00d6zlem KEVSERO\u011eLU KURBAN<\/p>\n<h4 class=\"font_8 wixui-rich-text__text\">Course Description<\/h4>\n<p class=\"p1\">Studio 2 deals with an advanced design challenge to criticize existing urban patterns and develop interdisciplinary approaches for its spatial transformation from a global perspective. Studio 2 tackles the city as a built environment and seeks a new spatial design challenge to reconsider its social and physical aspects in a global context. It aims to (re)produce the space and architectural artifact to explore its contradictions in daily life in an interdisciplinary context.<\/p>\n<p>&nbsp;<\/p>\n<p><strong><span data-contrast=\"none\">Design Topic<\/span><\/strong><\/p>\n<p class=\"p1\">ARCH502 Studio 2 builds upon the research and design scenarios developed in ARCH501 Studio 1, focusing on developing strategic approaches within the Erkilet district of Kayseri, specifically in Mithatpa\u015fa, Ye\u015fil, Oru\u00e7 Reis, Sancaktepe, Ertu\u011frul Gazi, Osman Gazi, Erkilet, and General Emir neighborhoods. Within the context of the studio, students will formulate rehabilitation proposals for the existing built environment and develop roadmaps for areas open to new development, focusing urban, neighborhood, and building scales. These strategies will be structured on the previously identified scenarios based on technological advancements, green transformation practices, green consensus processes, and sustainable development goals. The proposals will aim to enhance spatial and social conditions while embedding sustainable design solutions in a scale-responsive manner. Ultimately, the studio will emphasize participatory approaches, interdisciplinary collaboration, and the integration of contemporary urban and architectural methodologies to foster a resilient and sustainable transformation of the area across multiple scales.<\/p>\n<p>&nbsp;<\/p>\n<p data-ccp-border-bottom=\"0px none #000000\" data-ccp-padding-bottom=\"0px\" data-ccp-border-between=\"0px none #000000\" data-ccp-padding-between=\"0px\"><a href=\"https:\/\/archworks.agu.edu.tr\/index.php\/category\/s25\/s25-arch502\/\">Click to View Student Project<\/a><\/p>\n<\/div>\n<\/div>\n<\/div>\n","protected":false},"excerpt":{"rendered":"<p>ARCH502 Master Studio II Instructors Assist. Prof. Buket MET\u0130N, Assoc. Prof. \u00d6zlem KEVSERO\u011eLU KURBAN Course Description Studio 2 deals with an advanced design challenge to criticize existing urban patterns and develop interdisciplinary approaches for its spatial transformation from a global perspective. Studio 2 tackles the city as a built environment and seeks a new spatial [&hellip;]<\/p>\n","protected":false},"author":1,"featured_media":0,"parent":0,"menu_order":0,"comment_status":"closed","ping_status":"closed","template":"","meta":{"footnotes":""},"class_list":["post-5281","page","type-page","status-publish","hentry"],"_links":{"self":[{"href":"http:\/\/archworks.agu.edu.tr\/index.php\/wp-json\/wp\/v2\/pages\/5281","targetHints":{"allow":["GET"]}}],"collection":[{"href":"http:\/\/archworks.agu.edu.tr\/index.php\/wp-json\/wp\/v2\/pages"}],"about":[{"href":"http:\/\/archworks.agu.edu.tr\/index.php\/wp-json\/wp\/v2\/types\/page"}],"author":[{"embeddable":true,"href":"http:\/\/archworks.agu.edu.tr\/index.php\/wp-json\/wp\/v2\/users\/1"}],"replies":[{"embeddable":true,"href":"http:\/\/archworks.agu.edu.tr\/index.php\/wp-json\/wp\/v2\/comments?post=5281"}],"version-history":[{"count":4,"href":"http:\/\/archworks.agu.edu.tr\/index.php\/wp-json\/wp\/v2\/pages\/5281\/revisions"}],"predecessor-version":[{"id":5483,"href":"http:\/\/archworks.agu.edu.tr\/index.php\/wp-json\/wp\/v2\/pages\/5281\/revisions\/5483"}],"wp:attachment":[{"href":"http:\/\/archworks.agu.edu.tr\/index.php\/wp-json\/wp\/v2\/media?parent=5281"}],"curies":[{"name":"wp","href":"https:\/\/api.w.org\/{rel}","templated":true}]}}